{"id":128,"date":"2026-02-03T20:37:31","date_gmt":"2026-02-03T19:37:31","guid":{"rendered":"http:\/\/46.224.69.45\/?page_id=128"},"modified":"2026-02-03T23:21:29","modified_gmt":"2026-02-03T22:21:29","slug":"impressum","status":"publish","type":"page","link":"https:\/\/rebranding-mittelstand.de\/index.php\/impressum\/","title":{"rendered":"Impressum"},"content":{"rendered":"\t\t<div data-elementor-type=\"wp-page\" data-elementor-id=\"128\" class=\"elementor elementor-128\" data-elementor-post-type=\"page\">\n\t\t\t\t<div class=\"elementor-element elementor-element-5376716 e-flex e-con-boxed e-con e-parent\" data-id=\"5376716\" data-element_type=\"container\" data-e-type=\"container\" data-settings=\"{&quot;background_background&quot;:&quot;classic&quot;}\">\n\t\t\t\t\t<div class=\"e-con-inner\">\n\t\t\t\t<div class=\"elementor-element elementor-element-75b7486 elementor-widget elementor-widget-spacer\" data-id=\"75b7486\" data-element_type=\"widget\" data-e-type=\"widget\" data-widget_type=\"spacer.default\">\n\t\t\t\t\t\t\t<div class=\"elementor-spacer\">\n\t\t\t<div class=\"elementor-spacer-inner\"><\/div>\n\t\t<\/div>\n\t\t\t\t\t\t<\/div>\n\t\t\t\t<div class=\"elementor-element elementor-element-46c49f3 elementor-widget elementor-widget-heading\" data-id=\"46c49f3\" data-element_type=\"widget\" data-e-type=\"widget\" data-widget_type=\"heading.default\">\n\t\t\t\t\t<h2 class=\"elementor-heading-title elementor-size-default\">IMPRESSUM<\/h2>\t\t\t\t<\/div>\n\t\t\t\t\t<\/div>\n\t\t\t\t<\/div>\n\t\t<div class=\"elementor-element elementor-element-d986db2 e-flex e-con-boxed e-con e-parent\" data-id=\"d986db2\" data-element_type=\"container\" data-e-type=\"container\" data-settings=\"{&quot;background_background&quot;:&quot;classic&quot;}\">\n\t\t\t\t\t<div class=\"e-con-inner\">\n\t\t\t\t<div class=\"elementor-element elementor-element-2d2920c elementor-widget elementor-widget-text-editor\" data-id=\"2d2920c\" data-element_type=\"widget\" data-e-type=\"widget\" data-widget_type=\"text-editor.default\">\n\t\t\t\t\t\t\t\t\t<p>H\u00f6hmann &amp; H\u00f6hmann GmbH<br \/>Buchenweg 6b<br \/>86938 Schondorf am Ammersee<\/p><p>Handelsregister: HRB 38542<br \/>Registergericht: Amtsgericht Augsburg<\/p><h3>Vertreten durch:<\/h3><p>Katharina H\u00f6hmann<br \/>Eckhard H\u00f6hmann<\/p><h3>Kontakt<\/h3><p>Telefon: +49 8192 5993699<br \/>E-Mail: post@brainfunck.de<\/p><h3>Umsatzsteuer-ID<\/h3><p>Umsatzsteuer-Identifikationsnummer gem\u00e4\u00df \u00a7 27 a Umsatzsteuergesetz:<br \/>DE343871381<\/p><h3>Redaktionell verantwortlich<\/h3><p>Eckhard H\u00f6hmann<br \/>Buchenweg 6b<br \/>86938 Schondorf am Ammersee<\/p><h3>Verbraucher\u00adstreit\u00adbeilegung\/Universal\u00adschlichtungs\u00adstelle<\/h3><p>Wir sind nicht bereit oder verpflichtet, an Streitbeilegungsverfahren vor einer Verbraucherschlichtungsstelle teilzunehmen.<\/p><h3>Zentrale Kontaktstelle nach dem Digital Services Act \u2013 DSA (Verordnung (EU) 2022\/265)<\/h3><p>Unsere zentrale Kontaktstelle f\u00fcr Nutzer und Beh\u00f6rden nach Art. 11, 12 DSA erreichen Sie wie folgt:<\/p><p>E-Mail: post@brainfunck.de<br \/>Telefon: +49 8192 5993699<\/p><p>Die f\u00fcr den Kontakt zur Verf\u00fcgung stehenden Sprachen sind: Deutsch, Englisch, Polnisch.<\/p><p>Quelle: <a href=\"https:\/\/www.e-recht24.de\/impressum-generator.html\">https:\/\/www.e-recht24.de\/impressum- generator.html<\/a><\/p>\t\t\t\t\t\t\t\t<\/div>\n\t\t\t\t\t<\/div>\n\t\t\t\t<\/div>\n\t\t\t\t<\/div>\n\t\t","protected":false},"excerpt":{"rendered":"<p>IMPRESSUM H\u00f6hmann &amp; H\u00f6hmann GmbHBuchenweg 6b86938 Schondorf am Ammersee Handelsregister: HRB 38542Registergericht: Amtsgericht Augsburg Vertreten durch: Katharina H\u00f6hmannEckhard H\u00f6hmann Kontakt Telefon: +49 8192 5993699E-Mail: post@brainfunck.de Umsatzsteuer-ID Umsatzsteuer-Identifikationsnummer gem\u00e4\u00df \u00a7 27 a Umsatzsteuergesetz:DE343871381 Redaktionell verantwortlich Eckhard H\u00f6hmannBuchenweg 6b86938 Schondorf am Ammersee Verbraucher\u00adstreit\u00adbeilegung\/Universal\u00adschlichtungs\u00adstelle Wir sind nicht bereit oder verpflichtet, an Streitbeilegungsverfahren vor einer Verbraucherschlichtungsstelle teilzunehmen. Zentrale Kontaktstelle [&hellip;]<\/p>\n","protected":false},"author":1,"featured_media":0,"parent":0,"menu_order":0,"comment_status":"closed","ping_status":"closed","template":"elementor_header_footer","meta":{"footnotes":""},"class_list":["post-128","page","type-page","status-publish","hentry"],"_links":{"self":[{"href":"https:\/\/rebranding-mittelstand.de\/index.php\/wp-json\/wp\/v2\/pages\/128","targetHints":{"allow":["GET"]}}],"collection":[{"href":"https:\/\/rebranding-mittelstand.de\/index.php\/wp-json\/wp\/v2\/pages"}],"about":[{"href":"https:\/\/rebranding-mittelstand.de\/index.php\/wp-json\/wp\/v2\/types\/page"}],"author":[{"embeddable":true,"href":"https:\/\/rebranding-mittelstand.de\/index.php\/wp-json\/wp\/v2\/users\/1"}],"replies":[{"embeddable":true,"href":"https:\/\/rebranding-mittelstand.de\/index.php\/wp-json\/wp\/v2\/comments?post=128"}],"version-history":[{"count":8,"href":"https:\/\/rebranding-mittelstand.de\/index.php\/wp-json\/wp\/v2\/pages\/128\/revisions"}],"predecessor-version":[{"id":140,"href":"https:\/\/rebranding-mittelstand.de\/index.php\/wp-json\/wp\/v2\/pages\/128\/revisions\/140"}],"wp:attachment":[{"href":"https:\/\/rebranding-mittelstand.de\/index.php\/wp-json\/wp\/v2\/media?parent=128"}],"curies":[{"name":"wp","href":"https:\/\/api.w.org\/{rel}","templated":true}]}}