{"id":145,"date":"2026-02-04T03:01:46","date_gmt":"2026-02-04T02:01:46","guid":{"rendered":"http:\/\/46.224.69.45\/?page_id=145"},"modified":"2026-03-17T20:09:41","modified_gmt":"2026-03-17T19:09:41","slug":"branding-kompakt","status":"publish","type":"page","link":"https:\/\/rebranding-mittelstand.de\/index.php\/branding-kompakt\/","title":{"rendered":"Branding Kompakt"},"content":{"rendered":"\t\t<div data-elementor-type=\"wp-page\" data-elementor-id=\"145\" class=\"elementor elementor-145\" data-elementor-post-type=\"page\">\n\t\t\t\t<div class=\"elementor-element elementor-element-23f352d e-flex e-con-boxed e-con e-parent\" data-id=\"23f352d\" data-element_type=\"container\" data-e-type=\"container\" data-settings=\"{&quot;background_background&quot;:&quot;classic&quot;}\">\n\t\t\t\t\t<div class=\"e-con-inner\">\n\t\t\t\t<div class=\"elementor-element elementor-element-77c7429 elementor-widget elementor-widget-spacer\" data-id=\"77c7429\" data-element_type=\"widget\" data-e-type=\"widget\" data-widget_type=\"spacer.default\">\n\t\t\t\t\t\t\t<div class=\"elementor-spacer\">\n\t\t\t<div class=\"elementor-spacer-inner\"><\/div>\n\t\t<\/div>\n\t\t\t\t\t\t<\/div>\n\t\t\t\t<div class=\"elementor-element elementor-element-cf8796b elementor-widget elementor-widget-heading\" data-id=\"cf8796b\" data-element_type=\"widget\" data-e-type=\"widget\" data-widget_type=\"heading.default\">\n\t\t\t\t\t<h1 class=\"elementor-heading-title elementor-size-default\">Branding Kompakt<\/h1>\t\t\t\t<\/div>\n\t\t\t\t<div class=\"elementor-element elementor-element-197c413 elementor-widget elementor-widget-text-editor\" data-id=\"197c413\" data-element_type=\"widget\" data-e-type=\"widget\" data-widget_type=\"text-editor.default\">\n\t\t\t\t\t\t\t\t\t<h2>Strukturierte Markenentwicklung mit klarem Ergebnis<\/h2><p>Das Kompakt-Paket richtet sich prim\u00e4r an produzierende mittelst\u00e4ndische Produktionsunternehmen im B2B-Umfeld, die ihre Marke strategisch sch\u00e4rfen und professionell weiterentwickeln m\u00f6chten, ohne langwierige Prozesse oder offene Ergebnisfragen. Es bietet einen klar definierten Rahmen, feste Ansprechpartner und ein belastbares Resultat: eine fundierte, umsetzbare Marke als Grundlage f\u00fcr Kommunikation, Vertrieb, Marketing und Gesch\u00e4ftsf\u00fchrung.<\/p><p>Im Mittelpunkt steht dabei eine Marke, die das Unternehmen realistisch abbildet, intern verstanden wird und extern konsistent Wirkung entfaltet.<\/p><h2>Zielsetzung des Kompakt-Pakets<\/h2><p>Das Kompakt-Paket verfolgt drei zentrale Ziele:<\/p><ul><li><strong>Klarheit:<\/strong> Was macht das Unternehmen aus? Wof\u00fcr steht es heute und in Zukunft?<\/li><li><strong>Markenverst\u00e4ndnis:<\/strong> Einheitliche Grundlagen f\u00fcr Gesch\u00e4ftsf\u00fchrung, Marketing, und Vertrieb<\/li><li><strong>Umsetzbarkeit:<\/strong> Eine Marke, die intern getragen und extern sauber und konsistent zur Anwendung kommt<\/li><\/ul>\t\t\t\t\t\t\t\t<\/div>\n\t\t\t\t<div class=\"elementor-element elementor-element-38a89bf elementor-widget elementor-widget-spacer\" data-id=\"38a89bf\" data-element_type=\"widget\" data-e-type=\"widget\" data-widget_type=\"spacer.default\">\n\t\t\t\t\t\t\t<div class=\"elementor-spacer\">\n\t\t\t<div class=\"elementor-spacer-inner\"><\/div>\n\t\t<\/div>\n\t\t\t\t\t\t<\/div>\n\t\t\t\t<div class=\"elementor-element elementor-element-360bb71 elementor-align-center elementor-widget elementor-widget-button\" data-id=\"360bb71\" data-element_type=\"widget\" data-e-type=\"widget\" data-widget_type=\"button.default\">\n\t\t\t\t\t\t\t\t\t\t<a class=\"elementor-button elementor-button-link elementor-size-sm\" href=\"https:\/\/rebranding-mittelstand.de\/index.php\/kontakt\/\">\n\t\t\t\t\t\t<span class=\"elementor-button-content-wrapper\">\n\t\t\t\t\t\t\t\t\t<span class=\"elementor-button-text\">JETZT ANFRAGEN<\/span>\n\t\t\t\t\t<\/span>\n\t\t\t\t\t<\/a>\n\t\t\t\t\t\t\t\t<\/div>\n\t\t\t\t<div class=\"elementor-element elementor-element-798b2d9 elementor-widget elementor-widget-spacer\" data-id=\"798b2d9\" data-element_type=\"widget\" data-e-type=\"widget\" data-widget_type=\"spacer.default\">\n\t\t\t\t\t\t\t<div class=\"elementor-spacer\">\n\t\t\t<div class=\"elementor-spacer-inner\"><\/div>\n\t\t<\/div>\n\t\t\t\t\t\t<\/div>\n\t\t\t\t<div class=\"elementor-element elementor-element-4edb91b elementor-widget elementor-widget-heading\" data-id=\"4edb91b\" data-element_type=\"widget\" data-e-type=\"widget\" data-widget_type=\"heading.default\">\n\t\t\t\t\t<h2 class=\"elementor-heading-title elementor-size-default\">Leistungsumfang<\/h2>\t\t\t\t<\/div>\n\t\t\t\t<div class=\"elementor-element elementor-element-2eaee15 elementor-widget elementor-widget-n-accordion\" data-id=\"2eaee15\" data-element_type=\"widget\" data-e-type=\"widget\" data-settings=\"{&quot;default_state&quot;:&quot;expanded&quot;,&quot;max_items_expended&quot;:&quot;one&quot;,&quot;n_accordion_animation_duration&quot;:{&quot;unit&quot;:&quot;ms&quot;,&quot;size&quot;:400,&quot;sizes&quot;:[]}}\" data-widget_type=\"nested-accordion.default\">\n\t\t\t\t\t\t\t<div class=\"e-n-accordion\" aria-label=\"Accordion. Open links with Enter or Space, close with Escape, and navigate with Arrow Keys\">\n\t\t\t\t\t\t<details id=\"e-n-accordion-item-4890\" class=\"e-n-accordion-item\" open>\n\t\t\t\t<summary class=\"e-n-accordion-item-title\" data-accordion-index=\"1\" tabindex=\"0\" aria-expanded=\"true\" aria-controls=\"e-n-accordion-item-4890\" >\n\t\t\t\t\t<span class='e-n-accordion-item-title-header'><h3 class=\"e-n-accordion-item-title-text\"> Analyse &amp; Standortbestimmung <\/h3><\/span>\n\t\t\t\t\t\t\t<span class='e-n-accordion-item-title-icon'>\n\t\t\t<span class='e-opened' ><svg aria-hidden=\"true\" class=\"e-font-icon-svg e-fas-minus\" viewBox=\"0 0 448 512\" xmlns=\"http:\/\/www.w3.org\/2000\/svg\"><path d=\"M416 208H32c-17.67 0-32 14.33-32 32v32c0 17.67 14.33 32 32 32h384c17.67 0 32-14.33 32-32v-32c0-17.67-14.33-32-32-32z\"><\/path><\/svg><\/span>\n\t\t\t<span class='e-closed'><svg aria-hidden=\"true\" class=\"e-font-icon-svg e-fas-plus\" viewBox=\"0 0 448 512\" xmlns=\"http:\/\/www.w3.org\/2000\/svg\"><path d=\"M416 208H272V64c0-17.67-14.33-32-32-32h-32c-17.67 0-32 14.33-32 32v144H32c-17.67 0-32 14.33-32 32v32c0 17.67 14.33 32 32 32h144v144c0 17.67 14.33 32 32 32h32c17.67 0 32-14.33 32-32V304h144c17.67 0 32-14.33 32-32v-32c0-17.67-14.33-32-32-32z\"><\/path><\/svg><\/span>\n\t\t<\/span>\n\n\t\t\t\t\t\t<\/summary>\n\t\t\t\t<div role=\"region\" aria-labelledby=\"e-n-accordion-item-4890\" class=\"elementor-element elementor-element-d58eda2 e-con-full e-flex e-con e-child\" data-id=\"d58eda2\" data-element_type=\"container\" data-e-type=\"container\">\n\t\t\t\t<div class=\"elementor-element elementor-element-39f1e03 elementor-widget elementor-widget-text-editor\" data-id=\"39f1e03\" data-element_type=\"widget\" data-e-type=\"widget\" data-widget_type=\"text-editor.default\">\n\t\t\t\t\t\t\t\t\t<h4><span style=\"text-decoration: underline;\">1-t\u00e4giger Analyseworkshop vor Ort<\/span><\/h4><p>Gemeinsam analysieren wir das Unternehmen, sein Marktumfeld, Wettbewerber sowie interne und externe Anforderungen an die Marke. Der Workshop schafft eine belastbare Ausgangsbasis f\u00fcr alle weiteren Schritte.<\/p>\t\t\t\t\t\t\t\t<\/div>\n\t\t\t\t<\/div>\n\t\t\t\t\t<\/details>\n\t\t\t\t\t\t<details id=\"e-n-accordion-item-4891\" class=\"e-n-accordion-item\" >\n\t\t\t\t<summary class=\"e-n-accordion-item-title\" data-accordion-index=\"2\" tabindex=\"-1\" aria-expanded=\"false\" aria-controls=\"e-n-accordion-item-4891\" >\n\t\t\t\t\t<span class='e-n-accordion-item-title-header'><h3 class=\"e-n-accordion-item-title-text\"> Markenverst\u00e4ndnis &amp; Grundlagen <\/h3><\/span>\n\t\t\t\t\t\t\t<span class='e-n-accordion-item-title-icon'>\n\t\t\t<span class='e-opened' ><svg aria-hidden=\"true\" class=\"e-font-icon-svg e-fas-minus\" viewBox=\"0 0 448 512\" xmlns=\"http:\/\/www.w3.org\/2000\/svg\"><path d=\"M416 208H32c-17.67 0-32 14.33-32 32v32c0 17.67 14.33 32 32 32h384c17.67 0 32-14.33 32-32v-32c0-17.67-14.33-32-32-32z\"><\/path><\/svg><\/span>\n\t\t\t<span class='e-closed'><svg aria-hidden=\"true\" class=\"e-font-icon-svg e-fas-plus\" viewBox=\"0 0 448 512\" xmlns=\"http:\/\/www.w3.org\/2000\/svg\"><path d=\"M416 208H272V64c0-17.67-14.33-32-32-32h-32c-17.67 0-32 14.33-32 32v144H32c-17.67 0-32 14.33-32 32v32c0 17.67 14.33 32 32 32h144v144c0 17.67 14.33 32 32 32h32c17.67 0 32-14.33 32-32V304h144c17.67 0 32-14.33 32-32v-32c0-17.67-14.33-32-32-32z\"><\/path><\/svg><\/span>\n\t\t<\/span>\n\n\t\t\t\t\t\t<\/summary>\n\t\t\t\t<div role=\"region\" aria-labelledby=\"e-n-accordion-item-4891\" class=\"elementor-element elementor-element-3f37845 e-con-full e-flex e-con e-child\" data-id=\"3f37845\" data-element_type=\"container\" data-e-type=\"container\">\n\t\t\t\t<div class=\"elementor-element elementor-element-b020823 elementor-widget elementor-widget-text-editor\" data-id=\"b020823\" data-element_type=\"widget\" data-e-type=\"widget\" data-widget_type=\"text-editor.default\">\n\t\t\t\t\t\t\t\t\t<h4><span style=\"text-decoration: underline;\">2-t\u00e4giger Workshop zu Markenwerten und Branding-Grundlagen<\/span><\/h4><p>In diesem Workshop erarbeiten wir die zentralen Markenwerte und vermitteln zugleich ein praxisnahes Verst\u00e4ndnis von Branding. Ziel ist es, Entscheidern und Schl\u00fcsselpersonen ein gemeinsames Vokabular und ein klares Verst\u00e4ndnis f\u00fcr Markenarbeit zu geben. Weg von Geschmacks- und hin zu Mehrwertdiskussionen.<\/p>\t\t\t\t\t\t\t\t<\/div>\n\t\t\t\t<\/div>\n\t\t\t\t\t<\/details>\n\t\t\t\t\t\t<details id=\"e-n-accordion-item-4892\" class=\"e-n-accordion-item\" >\n\t\t\t\t<summary class=\"e-n-accordion-item-title\" data-accordion-index=\"3\" tabindex=\"-1\" aria-expanded=\"false\" aria-controls=\"e-n-accordion-item-4892\" >\n\t\t\t\t\t<span class='e-n-accordion-item-title-header'><h3 class=\"e-n-accordion-item-title-text\"> Brand-Kreation <\/h3><\/span>\n\t\t\t\t\t\t\t<span class='e-n-accordion-item-title-icon'>\n\t\t\t<span class='e-opened' ><svg aria-hidden=\"true\" class=\"e-font-icon-svg e-fas-minus\" viewBox=\"0 0 448 512\" xmlns=\"http:\/\/www.w3.org\/2000\/svg\"><path d=\"M416 208H32c-17.67 0-32 14.33-32 32v32c0 17.67 14.33 32 32 32h384c17.67 0 32-14.33 32-32v-32c0-17.67-14.33-32-32-32z\"><\/path><\/svg><\/span>\n\t\t\t<span class='e-closed'><svg aria-hidden=\"true\" class=\"e-font-icon-svg e-fas-plus\" viewBox=\"0 0 448 512\" xmlns=\"http:\/\/www.w3.org\/2000\/svg\"><path d=\"M416 208H272V64c0-17.67-14.33-32-32-32h-32c-17.67 0-32 14.33-32 32v144H32c-17.67 0-32 14.33-32 32v32c0 17.67 14.33 32 32 32h144v144c0 17.67 14.33 32 32 32h32c17.67 0 32-14.33 32-32V304h144c17.67 0 32-14.33 32-32v-32c0-17.67-14.33-32-32-32z\"><\/path><\/svg><\/span>\n\t\t<\/span>\n\n\t\t\t\t\t\t<\/summary>\n\t\t\t\t<div role=\"region\" aria-labelledby=\"e-n-accordion-item-4892\" class=\"elementor-element elementor-element-5826bcf e-con-full e-flex e-con e-child\" data-id=\"5826bcf\" data-element_type=\"container\" data-e-type=\"container\">\n\t\t\t\t<div class=\"elementor-element elementor-element-bd44e7d elementor-widget elementor-widget-text-editor\" data-id=\"bd44e7d\" data-element_type=\"widget\" data-e-type=\"widget\" data-widget_type=\"text-editor.default\">\n\t\t\t\t\t\t\t\t\t<h4><span style=\"text-decoration: underline;\">Entwicklung von drei Brand-Routen<\/span><\/h4><p>Auf Basis der Workshops entwickeln wir drei klar unterscheidbare kreative Routen. Jede Route folgt einer eigenen strategischen Logik und zeigt m\u00f6gliche Positionierungen der Marke auf.<\/p><h4><span style=\"text-decoration: underline;\">Entscheidungsfindung<\/span><\/h4><p>Wir begleiten den Auswahlprozess strukturiert und moderiert, sodass Entscheidungen nachvollziehbar, begr\u00fcndet und intern tragf\u00e4hig getroffen werden k\u00f6nnen.<\/p><h4><span style=\"text-decoration: underline;\">Ausarbeitung der finalen Marke<\/span><\/h4><p>Die ausgew\u00e4hlte Route wird zu einer konsistenten, einsatzf\u00e4higen Marke ausgearbeitet \u2013 als verbindliche Grundlage f\u00fcr alle weiteren Ma\u00dfnahmen.<\/p>\t\t\t\t\t\t\t\t<\/div>\n\t\t\t\t<\/div>\n\t\t\t\t\t<\/details>\n\t\t\t\t\t<\/div>\n\t\t\t\t\t\t<\/div>\n\t\t\t\t<div class=\"elementor-element elementor-element-11fb48b elementor-align-center elementor-widget elementor-widget-button\" data-id=\"11fb48b\" data-element_type=\"widget\" data-e-type=\"widget\" data-widget_type=\"button.default\">\n\t\t\t\t\t\t\t\t\t\t<a class=\"elementor-button elementor-button-link elementor-size-sm\" href=\"https:\/\/rebranding-mittelstand.de\/index.php\/kontakt\/\">\n\t\t\t\t\t\t<span class=\"elementor-button-content-wrapper\">\n\t\t\t\t\t\t\t\t\t<span class=\"elementor-button-text\">JETZT ANFRAGEN<\/span>\n\t\t\t\t\t<\/span>\n\t\t\t\t\t<\/a>\n\t\t\t\t\t\t\t\t<\/div>\n\t\t\t\t<div class=\"elementor-element elementor-element-b92ddd2 elementor-widget elementor-widget-text-editor\" data-id=\"b92ddd2\" data-element_type=\"widget\" data-e-type=\"widget\" data-widget_type=\"text-editor.default\">\n\t\t\t\t\t\t\t\t\t<h3>Ergebnis &amp; \u00dcbergabe<\/h3><p><br \/>Umfangreicher Brand-Guide<br \/>Dokumentation der Markenstrategie, der Werte und der Anwendungsprinzipien<br \/>Anlage der Marke in Canva<br \/>Praktische \u00dcbergabe f\u00fcr die t\u00e4gliche Arbeit in Marketing und Kommunikation<\/p><h3><br \/>F\u00fcr wen ist das Kompakt-Paket geeignet?<\/h3><p>Das Kompakt-Paket ist ideal f\u00fcr Unternehmen, die<\/p><ul><li>ihre Marke gezielt weiterentwickeln m\u00f6chten,<\/li><li>klare Entscheidungsgrundlagen ben\u00f6tigen,<\/li><li>Wert auf Struktur, Nachvollziehbarkeit und Umsetzbarkeit legen.<\/li><\/ul><p>\u00a0<\/p><p>Wir sorgen damit f\u00fcr Orientierung, reduzieren den Abstimmungsaufwand und bilden eine verl\u00e4ssliche Basis f\u00fcr zuk\u00fcnftige Kommunikations- und Designma\u00dfnahmen.<\/p>\t\t\t\t\t\t\t\t<\/div>\n\t\t\t\t\t<\/div>\n\t\t\t\t<\/div>\n\t\t\t\t<\/div>\n\t\t","protected":false},"excerpt":{"rendered":"<p>Branding Kompakt Strukturierte Markenentwicklung mit klarem Ergebnis Das Kompakt-Paket richtet sich prim\u00e4r an produzierende mittelst\u00e4ndische Produktionsunternehmen im B2B-Umfeld, die ihre Marke strategisch sch\u00e4rfen und professionell weiterentwickeln m\u00f6chten, ohne langwierige Prozesse oder offene Ergebnisfragen. Es bietet einen klar definierten Rahmen, feste Ansprechpartner und ein belastbares Resultat: eine fundierte, umsetzbare Marke als Grundlage f\u00fcr Kommunikation, Vertrieb, Marketing [&hellip;]<\/p>\n","protected":false},"author":1,"featured_media":0,"parent":0,"menu_order":0,"comment_status":"closed","ping_status":"closed","template":"elementor_header_footer","meta":{"footnotes":""},"class_list":["post-145","page","type-page","status-publish","hentry"],"_links":{"self":[{"href":"https:\/\/rebranding-mittelstand.de\/index.php\/wp-json\/wp\/v2\/pages\/145","targetHints":{"allow":["GET"]}}],"collection":[{"href":"https:\/\/rebranding-mittelstand.de\/index.php\/wp-json\/wp\/v2\/pages"}],"about":[{"href":"https:\/\/rebranding-mittelstand.de\/index.php\/wp-json\/wp\/v2\/types\/page"}],"author":[{"embeddable":true,"href":"https:\/\/rebranding-mittelstand.de\/index.php\/wp-json\/wp\/v2\/users\/1"}],"replies":[{"embeddable":true,"href":"https:\/\/rebranding-mittelstand.de\/index.php\/wp-json\/wp\/v2\/comments?post=145"}],"version-history":[{"count":28,"href":"https:\/\/rebranding-mittelstand.de\/index.php\/wp-json\/wp\/v2\/pages\/145\/revisions"}],"predecessor-version":[{"id":356,"href":"https:\/\/rebranding-mittelstand.de\/index.php\/wp-json\/wp\/v2\/pages\/145\/revisions\/356"}],"wp:attachment":[{"href":"https:\/\/rebranding-mittelstand.de\/index.php\/wp-json\/wp\/v2\/media?parent=145"}],"curies":[{"name":"wp","href":"https:\/\/api.w.org\/{rel}","templated":true}]}}