{"id":156,"date":"2026-02-04T03:06:20","date_gmt":"2026-02-04T02:06:20","guid":{"rendered":"http:\/\/46.224.69.45\/?page_id=156"},"modified":"2026-03-17T20:22:29","modified_gmt":"2026-03-17T19:22:29","slug":"branding-strategisch","status":"publish","type":"page","link":"https:\/\/rebranding-mittelstand.de\/index.php\/branding-strategisch\/","title":{"rendered":"Branding Strategisch"},"content":{"rendered":"\t\t<div data-elementor-type=\"wp-page\" data-elementor-id=\"156\" class=\"elementor elementor-156\" data-elementor-post-type=\"page\">\n\t\t\t\t<div class=\"elementor-element elementor-element-c2b0e57 e-flex e-con-boxed e-con e-parent\" data-id=\"c2b0e57\" data-element_type=\"container\" data-e-type=\"container\" data-settings=\"{&quot;background_background&quot;:&quot;classic&quot;}\">\n\t\t\t\t\t<div class=\"e-con-inner\">\n\t\t\t\t<div class=\"elementor-element elementor-element-6470776 elementor-widget elementor-widget-spacer\" data-id=\"6470776\" data-element_type=\"widget\" data-e-type=\"widget\" data-widget_type=\"spacer.default\">\n\t\t\t\t\t\t\t<div class=\"elementor-spacer\">\n\t\t\t<div class=\"elementor-spacer-inner\"><\/div>\n\t\t<\/div>\n\t\t\t\t\t\t<\/div>\n\t\t\t\t\t<\/div>\n\t\t\t\t<\/div>\n\t\t<div class=\"elementor-element elementor-element-3f71f52 e-flex e-con-boxed e-con e-parent\" data-id=\"3f71f52\" data-element_type=\"container\" data-e-type=\"container\" data-settings=\"{&quot;background_background&quot;:&quot;classic&quot;}\">\n\t\t\t\t\t<div class=\"e-con-inner\">\n\t\t\t\t<div class=\"elementor-element elementor-element-2957ce3 elementor-widget elementor-widget-text-editor\" data-id=\"2957ce3\" data-element_type=\"widget\" data-e-type=\"widget\" data-widget_type=\"text-editor.default\">\n\t\t\t\t\t\t\t\t\t<h2>Branding Strategisch<\/h2><p><strong>Ganzheitliche Markenentwicklung mit maximaler Tiefensch\u00e4rfe<\/strong><\/p><p>Das Paket <strong>Branding Strategisch<\/strong> richtet sich an mittelst\u00e4ndische, produzierende Unternehmen im B2B-Umfeld, die ihre Marke nicht nur sch\u00e4rfen, sondern strategisch fundiert, langfristig belastbar und organisationsweit verankert entwickeln m\u00f6chten. Es eignet sich insbesondere f\u00fcr Unternehmen mit komplexen Strukturen, mehreren Anspruchsgruppen oder erh\u00f6htem Abstimmungsbedarf.<\/p><p>Neben allen Leistungen des Kompakt-Pakets erweitert dieses Paket den Prozess um zus\u00e4tzliche Analyse-, Strukturierungs- und Dokumentationselemente. Ziel ist eine Marke, die fachlich sauber hergeleitet, intern anschlussf\u00e4hig und extern konsistent einsetzbar ist \u2013 heute und in Zukunft.<\/p><h3>Zielsetzung des Pakets<\/h3><p>Das Paket <strong>Branding Strategisch<\/strong> verfolgt folgende \u00fcbergeordnete Ziele:<\/p><ul><li><strong>Tiefes strategisches Verst\u00e4ndnis:<\/strong> Abbildung interner Perspektiven, Erwartungen und Zielkonflikte<\/li><li><strong>H\u00f6chste Entscheidungs- und Planungssicherheit:<\/strong> Klar definierte Anforderungen, Ziele und Rahmenbedingungen<\/li><li><strong>Langfristige Markenf\u00fchrungsf\u00e4higkeit:<\/strong> Verbindliche Leitplanken f\u00fcr Kommunikation, Design und Sprache<\/li><\/ul>\t\t\t\t\t\t\t\t<\/div>\n\t\t\t\t<div class=\"elementor-element elementor-element-a064abd elementor-widget elementor-widget-button\" data-id=\"a064abd\" data-element_type=\"widget\" data-e-type=\"widget\" data-widget_type=\"button.default\">\n\t\t\t\t\t\t\t\t\t\t<a class=\"elementor-button elementor-button-link elementor-size-sm\" href=\"https:\/\/rebranding-mittelstand.de\/index.php\/kontakt\/\">\n\t\t\t\t\t\t<span class=\"elementor-button-content-wrapper\">\n\t\t\t\t\t\t\t\t\t<span class=\"elementor-button-text\">JETZT ANFRAGEN<\/span>\n\t\t\t\t\t<\/span>\n\t\t\t\t\t<\/a>\n\t\t\t\t\t\t\t\t<\/div>\n\t\t\t\t<div class=\"elementor-element elementor-element-f82dc2f elementor-widget elementor-widget-n-accordion\" data-id=\"f82dc2f\" data-element_type=\"widget\" data-e-type=\"widget\" data-settings=\"{&quot;default_state&quot;:&quot;expanded&quot;,&quot;max_items_expended&quot;:&quot;one&quot;,&quot;n_accordion_animation_duration&quot;:{&quot;unit&quot;:&quot;ms&quot;,&quot;size&quot;:400,&quot;sizes&quot;:[]}}\" data-widget_type=\"nested-accordion.default\">\n\t\t\t\t\t\t\t<div class=\"e-n-accordion\" aria-label=\"Accordion. Open links with Enter or Space, close with Escape, and navigate with Arrow Keys\">\n\t\t\t\t\t\t<details id=\"e-n-accordion-item-2600\" class=\"e-n-accordion-item\" open>\n\t\t\t\t<summary class=\"e-n-accordion-item-title\" data-accordion-index=\"1\" tabindex=\"0\" aria-expanded=\"true\" aria-controls=\"e-n-accordion-item-2600\" >\n\t\t\t\t\t<span class='e-n-accordion-item-title-header'><h2 class=\"e-n-accordion-item-title-text\"> Analyse &amp; Perspektivenvielfalt <\/h2><\/span>\n\t\t\t\t\t\t\t<span class='e-n-accordion-item-title-icon'>\n\t\t\t<span class='e-opened' ><svg aria-hidden=\"true\" class=\"e-font-icon-svg e-fas-minus\" viewBox=\"0 0 448 512\" xmlns=\"http:\/\/www.w3.org\/2000\/svg\"><path d=\"M416 208H32c-17.67 0-32 14.33-32 32v32c0 17.67 14.33 32 32 32h384c17.67 0 32-14.33 32-32v-32c0-17.67-14.33-32-32-32z\"><\/path><\/svg><\/span>\n\t\t\t<span class='e-closed'><svg aria-hidden=\"true\" class=\"e-font-icon-svg e-fas-plus\" viewBox=\"0 0 448 512\" xmlns=\"http:\/\/www.w3.org\/2000\/svg\"><path d=\"M416 208H272V64c0-17.67-14.33-32-32-32h-32c-17.67 0-32 14.33-32 32v144H32c-17.67 0-32 14.33-32 32v32c0 17.67 14.33 32 32 32h144v144c0 17.67 14.33 32 32 32h32c17.67 0 32-14.33 32-32V304h144c17.67 0 32-14.33 32-32v-32c0-17.67-14.33-32-32-32z\"><\/path><\/svg><\/span>\n\t\t<\/span>\n\n\t\t\t\t\t\t<\/summary>\n\t\t\t\t<div role=\"region\" aria-labelledby=\"e-n-accordion-item-2600\" class=\"elementor-element elementor-element-b84ac36 e-con-full e-flex e-con e-child\" data-id=\"b84ac36\" data-element_type=\"container\" data-e-type=\"container\">\n\t\t\t\t<div class=\"elementor-element elementor-element-7f1ee99 elementor-widget elementor-widget-text-editor\" data-id=\"7f1ee99\" data-element_type=\"widget\" data-e-type=\"widget\" data-widget_type=\"text-editor.default\">\n\t\t\t\t\t\t\t\t\t<h4><span style=\"text-decoration: underline;\">1-t\u00e4giger Analyseworkshop vor Ort<\/span><\/h4><p>Grundlegende Analyse des Unternehmens, des Marktes und der Wettbewerbslandschaft als Startpunkt des Prozesses. Durchf\u00fchrung eines gemeinsamen Gespr\u00e4chs zu den Ausl\u00f6sern f\u00fcr das Rebranding.<\/p><p><span style=\"text-decoration: underline;\">Strukturierte Stakeholder-Interviews<\/span><\/p><p>Erg\u00e4nzend f\u00fchren wir Interviews mit ausgew\u00e4hlten internen und externen Stakeholdern. Diese liefern wertvolle Einblicke in Erwartungen, Wahrnehmungen und Anforderungen an die Marke und erh\u00f6hen die Akzeptanz sp\u00e4terer Entscheidungen.<\/p>\t\t\t\t\t\t\t\t<\/div>\n\t\t\t\t<\/div>\n\t\t\t\t\t<\/details>\n\t\t\t\t\t\t<details id=\"e-n-accordion-item-2601\" class=\"e-n-accordion-item\" >\n\t\t\t\t<summary class=\"e-n-accordion-item-title\" data-accordion-index=\"2\" tabindex=\"-1\" aria-expanded=\"false\" aria-controls=\"e-n-accordion-item-2601\" >\n\t\t\t\t\t<span class='e-n-accordion-item-title-header'><h2 class=\"e-n-accordion-item-title-text\"> Markenverst\u00e4ndnis &amp; Grundlagen <\/h2><\/span>\n\t\t\t\t\t\t\t<span class='e-n-accordion-item-title-icon'>\n\t\t\t<span class='e-opened' ><svg aria-hidden=\"true\" class=\"e-font-icon-svg e-fas-minus\" viewBox=\"0 0 448 512\" xmlns=\"http:\/\/www.w3.org\/2000\/svg\"><path d=\"M416 208H32c-17.67 0-32 14.33-32 32v32c0 17.67 14.33 32 32 32h384c17.67 0 32-14.33 32-32v-32c0-17.67-14.33-32-32-32z\"><\/path><\/svg><\/span>\n\t\t\t<span class='e-closed'><svg aria-hidden=\"true\" class=\"e-font-icon-svg e-fas-plus\" viewBox=\"0 0 448 512\" xmlns=\"http:\/\/www.w3.org\/2000\/svg\"><path d=\"M416 208H272V64c0-17.67-14.33-32-32-32h-32c-17.67 0-32 14.33-32 32v144H32c-17.67 0-32 14.33-32 32v32c0 17.67 14.33 32 32 32h144v144c0 17.67 14.33 32 32 32h32c17.67 0 32-14.33 32-32V304h144c17.67 0 32-14.33 32-32v-32c0-17.67-14.33-32-32-32z\"><\/path><\/svg><\/span>\n\t\t<\/span>\n\n\t\t\t\t\t\t<\/summary>\n\t\t\t\t<div role=\"region\" aria-labelledby=\"e-n-accordion-item-2601\" class=\"elementor-element elementor-element-aa78807 e-con-full e-flex e-con e-child\" data-id=\"aa78807\" data-element_type=\"container\" data-e-type=\"container\">\n\t\t\t\t<div class=\"elementor-element elementor-element-389b30b elementor-widget elementor-widget-text-editor\" data-id=\"389b30b\" data-element_type=\"widget\" data-e-type=\"widget\" data-widget_type=\"text-editor.default\">\n\t\t\t\t\t\t\t\t\t<h4><span style=\"text-decoration: underline;\">2-t\u00e4giger Workshop zu Markenwerten und Branding-Grundlagen<\/span><\/h4><p>Gemeinsame Erarbeitung der Markenwerte sowie Vermittlung eines fundierten Verst\u00e4ndnisses von Markenarbeit f\u00fcr Schl\u00fcsselpersonen im Unternehmen. Auch hier gilt: Weg von Geschmacks- und hin zu Mehrwertdiskussionen.<\/p>\t\t\t\t\t\t\t\t<\/div>\n\t\t\t\t<\/div>\n\t\t\t\t\t<\/details>\n\t\t\t\t\t\t<details id=\"e-n-accordion-item-2602\" class=\"e-n-accordion-item\" >\n\t\t\t\t<summary class=\"e-n-accordion-item-title\" data-accordion-index=\"3\" tabindex=\"-1\" aria-expanded=\"false\" aria-controls=\"e-n-accordion-item-2602\" >\n\t\t\t\t\t<span class='e-n-accordion-item-title-header'><h2 class=\"e-n-accordion-item-title-text\"> Strategische Strukturierung <\/h2><\/span>\n\t\t\t\t\t\t\t<span class='e-n-accordion-item-title-icon'>\n\t\t\t<span class='e-opened' ><svg aria-hidden=\"true\" class=\"e-font-icon-svg e-fas-minus\" viewBox=\"0 0 448 512\" xmlns=\"http:\/\/www.w3.org\/2000\/svg\"><path d=\"M416 208H32c-17.67 0-32 14.33-32 32v32c0 17.67 14.33 32 32 32h384c17.67 0 32-14.33 32-32v-32c0-17.67-14.33-32-32-32z\"><\/path><\/svg><\/span>\n\t\t\t<span class='e-closed'><svg aria-hidden=\"true\" class=\"e-font-icon-svg e-fas-plus\" viewBox=\"0 0 448 512\" xmlns=\"http:\/\/www.w3.org\/2000\/svg\"><path d=\"M416 208H272V64c0-17.67-14.33-32-32-32h-32c-17.67 0-32 14.33-32 32v144H32c-17.67 0-32 14.33-32 32v32c0 17.67 14.33 32 32 32h144v144c0 17.67 14.33 32 32 32h32c17.67 0 32-14.33 32-32V304h144c17.67 0 32-14.33 32-32v-32c0-17.67-14.33-32-32-32z\"><\/path><\/svg><\/span>\n\t\t<\/span>\n\n\t\t\t\t\t\t<\/summary>\n\t\t\t\t<div role=\"region\" aria-labelledby=\"e-n-accordion-item-2602\" class=\"elementor-element elementor-element-4916ea5 e-flex e-con-boxed e-con e-child\" data-id=\"4916ea5\" data-element_type=\"container\" data-e-type=\"container\">\n\t\t\t\t\t<div class=\"e-con-inner\">\n\t\t\t\t<div class=\"elementor-element elementor-element-e1d817f elementor-widget elementor-widget-text-editor\" data-id=\"e1d817f\" data-element_type=\"widget\" data-e-type=\"widget\" data-widget_type=\"text-editor.default\">\n\t\t\t\t\t\t\t\t\t<h4><span style=\"text-decoration: underline;\">Erstellung eines Lastenhefts<\/span><\/h4><p>Das Lastenheft beschreibt Ziele, Anforderungen, Rahmenbedingungen und strategische Leitplanken der Markenentwicklung. Es dient als verbindliche Grundlage f\u00fcr alle weiteren Schritte.<\/p><h4><span style=\"text-decoration: underline;\">Erstellung eines Pflichtenhefts<\/span><\/h4><p>Das Pflichtenheft \u00fcbersetzt diese Anforderungen in konkrete Ausarbeitungen und definiert, wie die Marke inhaltlich und strukturell umgesetzt wird.<\/p>\t\t\t\t\t\t\t\t<\/div>\n\t\t\t\t\t<\/div>\n\t\t\t\t<\/div>\n\t\t\t\t\t<\/details>\n\t\t\t\t\t\t<details id=\"e-n-accordion-item-2603\" class=\"e-n-accordion-item\" >\n\t\t\t\t<summary class=\"e-n-accordion-item-title\" data-accordion-index=\"4\" tabindex=\"-1\" aria-expanded=\"false\" aria-controls=\"e-n-accordion-item-2603\" >\n\t\t\t\t\t<span class='e-n-accordion-item-title-header'><h2 class=\"e-n-accordion-item-title-text\"> Kreative Markenentwicklung <\/h2><\/span>\n\t\t\t\t\t\t\t<span class='e-n-accordion-item-title-icon'>\n\t\t\t<span class='e-opened' ><svg aria-hidden=\"true\" class=\"e-font-icon-svg e-fas-minus\" viewBox=\"0 0 448 512\" xmlns=\"http:\/\/www.w3.org\/2000\/svg\"><path d=\"M416 208H32c-17.67 0-32 14.33-32 32v32c0 17.67 14.33 32 32 32h384c17.67 0 32-14.33 32-32v-32c0-17.67-14.33-32-32-32z\"><\/path><\/svg><\/span>\n\t\t\t<span class='e-closed'><svg aria-hidden=\"true\" class=\"e-font-icon-svg e-fas-plus\" viewBox=\"0 0 448 512\" xmlns=\"http:\/\/www.w3.org\/2000\/svg\"><path d=\"M416 208H272V64c0-17.67-14.33-32-32-32h-32c-17.67 0-32 14.33-32 32v144H32c-17.67 0-32 14.33-32 32v32c0 17.67 14.33 32 32 32h144v144c0 17.67 14.33 32 32 32h32c17.67 0 32-14.33 32-32V304h144c17.67 0 32-14.33 32-32v-32c0-17.67-14.33-32-32-32z\"><\/path><\/svg><\/span>\n\t\t<\/span>\n\n\t\t\t\t\t\t<\/summary>\n\t\t\t\t<div role=\"region\" aria-labelledby=\"e-n-accordion-item-2603\" class=\"elementor-element elementor-element-3b4d7ca e-flex e-con-boxed e-con e-child\" data-id=\"3b4d7ca\" data-element_type=\"container\" data-e-type=\"container\">\n\t\t\t\t\t<div class=\"e-con-inner\">\n\t\t\t\t<div class=\"elementor-element elementor-element-3f8f47f elementor-widget elementor-widget-text-editor\" data-id=\"3f8f47f\" data-element_type=\"widget\" data-e-type=\"widget\" data-widget_type=\"text-editor.default\">\n\t\t\t\t\t\t\t\t\t<h4><span style=\"text-decoration: underline;\">Kreative Markenentwicklung<\/span><\/h4><p>Entwicklung von drei Brand-Routen<\/p><p>Ausarbeitung von drei strategisch fundierten, klar unterscheidbaren Markenans\u00e4tzen.<\/p><h4><span style=\"text-decoration: underline;\">Moderierte Auswahl der Brand-Route<\/span><\/h4><p>Begleitete Entscheidungsfindung mit klarer Argumentationsbasis und strukturierter Bewertung.<\/p><h4><span style=\"text-decoration: underline;\">Ausarbeitung der finalen Marke<\/span><\/h4><p>Vertiefung einer ausgew\u00e4hlten Route zu einer konsistenten, einsatzf\u00e4higen Gesamtmarke.<\/p>\t\t\t\t\t\t\t\t<\/div>\n\t\t\t\t\t<\/div>\n\t\t\t\t<\/div>\n\t\t\t\t\t<\/details>\n\t\t\t\t\t<\/div>\n\t\t\t\t\t\t<\/div>\n\t\t\t\t<div class=\"elementor-element elementor-element-3f70b25 elementor-widget elementor-widget-spacer\" data-id=\"3f70b25\" data-element_type=\"widget\" data-e-type=\"widget\" data-widget_type=\"spacer.default\">\n\t\t\t\t\t\t\t<div class=\"elementor-spacer\">\n\t\t\t<div class=\"elementor-spacer-inner\"><\/div>\n\t\t<\/div>\n\t\t\t\t\t\t<\/div>\n\t\t\t\t<div class=\"elementor-element elementor-element-5a8a607 elementor-widget elementor-widget-button\" data-id=\"5a8a607\" data-element_type=\"widget\" data-e-type=\"widget\" data-widget_type=\"button.default\">\n\t\t\t\t\t\t\t\t\t\t<a class=\"elementor-button elementor-button-link elementor-size-sm\" href=\"https:\/\/rebranding-mittelstand.de\/index.php\/kontakt\/\">\n\t\t\t\t\t\t<span class=\"elementor-button-content-wrapper\">\n\t\t\t\t\t\t\t\t\t<span class=\"elementor-button-text\">JETZT ANFRAGEN<\/span>\n\t\t\t\t\t<\/span>\n\t\t\t\t\t<\/a>\n\t\t\t\t\t\t\t\t<\/div>\n\t\t\t\t<div class=\"elementor-element elementor-element-2102ba3 elementor-widget elementor-widget-spacer\" data-id=\"2102ba3\" data-element_type=\"widget\" data-e-type=\"widget\" data-widget_type=\"spacer.default\">\n\t\t\t\t\t\t\t<div class=\"elementor-spacer\">\n\t\t\t<div class=\"elementor-spacer-inner\"><\/div>\n\t\t<\/div>\n\t\t\t\t\t\t<\/div>\n\t\t\t\t<div class=\"elementor-element elementor-element-4155261 elementor-widget elementor-widget-text-editor\" data-id=\"4155261\" data-element_type=\"widget\" data-e-type=\"widget\" data-widget_type=\"text-editor.default\">\n\t\t\t\t\t\t\t\t\t<h3>Ergebnis &amp; \u00dcbergabe<\/h3><ul><li><strong>Umfangreicher Brand-Guide<\/strong><\/li><li><strong>Separater Tonality-Guide<\/strong><br \/>Klare Definition von Sprachstil, Haltung und kommunikativer Tonalit\u00e4t<\/li><li><strong>Anlage der Marke in Canva<\/strong><br \/>Praktische Nutzbarkeit f\u00fcr Marketing, Kommunikation und interne Teams<\/li><\/ul><p>\u00a0<\/p>\t\t\t\t\t\t\t\t<\/div>\n\t\t\t\t<div class=\"elementor-element elementor-element-3ceb19c elementor-widget elementor-widget-text-editor\" data-id=\"3ceb19c\" data-element_type=\"widget\" data-e-type=\"widget\" data-widget_type=\"text-editor.default\">\n\t\t\t\t\t\t\t\t\t<h3>F\u00fcr wen ist \u201eBranding Strategisch\u201c geeignet?<\/h3><p>Dieses Paket ist ideal f\u00fcr Unternehmen, die<\/p><ul><li>komplexe interne Strukturen ber\u00fccksichtigen m\u00fcssen,<\/li><li>strategische Sicherheit vor gestalterischen Entscheidungen ben\u00f6tigen,<\/li><li>ihre Marke langfristig und konsistent f\u00fchren wollen.<\/li><\/ul><p><strong>Branding Strategisch<\/strong> schafft eine belastbare Grundlage f\u00fcr nachhaltige Markenf\u00fchrung \u2013 strukturiert, nachvollziehbar und zukunftsf\u00e4hig.<\/p>\t\t\t\t\t\t\t\t<\/div>\n\t\t\t\t<div class=\"elementor-element elementor-element-b1542c5 elementor-widget elementor-widget-button\" data-id=\"b1542c5\" data-element_type=\"widget\" data-e-type=\"widget\" data-widget_type=\"button.default\">\n\t\t\t\t\t\t\t\t\t\t<a class=\"elementor-button elementor-button-link elementor-size-sm\" href=\"https:\/\/rebranding-mittelstand.de\/index.php\/kontakt\/\">\n\t\t\t\t\t\t<span class=\"elementor-button-content-wrapper\">\n\t\t\t\t\t\t\t\t\t<span class=\"elementor-button-text\">JETZT ANFRAGEN<\/span>\n\t\t\t\t\t<\/span>\n\t\t\t\t\t<\/a>\n\t\t\t\t\t\t\t\t<\/div>\n\t\t\t\t\t<\/div>\n\t\t\t\t<\/div>\n\t\t<div class=\"elementor-element elementor-element-a80eb75 e-flex e-con-boxed e-con e-parent\" data-id=\"a80eb75\" data-element_type=\"container\" data-e-type=\"container\" data-settings=\"{&quot;background_background&quot;:&quot;classic&quot;}\">\n\t\t\t\t\t<div class=\"e-con-inner\">\n\t\t\t\t\t<\/div>\n\t\t\t\t<\/div>\n\t\t\t\t<\/div>\n\t\t","protected":false},"excerpt":{"rendered":"<p>Branding Strategisch Ganzheitliche Markenentwicklung mit maximaler Tiefensch\u00e4rfe Das Paket Branding Strategisch richtet sich an mittelst\u00e4ndische, produzierende Unternehmen im B2B-Umfeld, die ihre Marke nicht nur sch\u00e4rfen, sondern strategisch fundiert, langfristig belastbar und organisationsweit verankert entwickeln m\u00f6chten. Es eignet sich insbesondere f\u00fcr Unternehmen mit komplexen Strukturen, mehreren Anspruchsgruppen oder erh\u00f6htem Abstimmungsbedarf. Neben allen Leistungen des Kompakt-Pakets erweitert [&hellip;]<\/p>\n","protected":false},"author":1,"featured_media":0,"parent":0,"menu_order":0,"comment_status":"closed","ping_status":"closed","template":"elementor_header_footer","meta":{"footnotes":""},"class_list":["post-156","page","type-page","status-publish","hentry"],"_links":{"self":[{"href":"https:\/\/rebranding-mittelstand.de\/index.php\/wp-json\/wp\/v2\/pages\/156","targetHints":{"allow":["GET"]}}],"collection":[{"href":"https:\/\/rebranding-mittelstand.de\/index.php\/wp-json\/wp\/v2\/pages"}],"about":[{"href":"https:\/\/rebranding-mittelstand.de\/index.php\/wp-json\/wp\/v2\/types\/page"}],"author":[{"embeddable":true,"href":"https:\/\/rebranding-mittelstand.de\/index.php\/wp-json\/wp\/v2\/users\/1"}],"replies":[{"embeddable":true,"href":"https:\/\/rebranding-mittelstand.de\/index.php\/wp-json\/wp\/v2\/comments?post=156"}],"version-history":[{"count":17,"href":"https:\/\/rebranding-mittelstand.de\/index.php\/wp-json\/wp\/v2\/pages\/156\/revisions"}],"predecessor-version":[{"id":363,"href":"https:\/\/rebranding-mittelstand.de\/index.php\/wp-json\/wp\/v2\/pages\/156\/revisions\/363"}],"wp:attachment":[{"href":"https:\/\/rebranding-mittelstand.de\/index.php\/wp-json\/wp\/v2\/media?parent=156"}],"curies":[{"name":"wp","href":"https:\/\/api.w.org\/{rel}","templated":true}]}}